{"id":39076,"date":"2022-12-08T13:05:49","date_gmt":"2022-12-08T12:05:49","guid":{"rendered":"https:\/\/scandiwool.com\/home\/spodnie-haremki-musli-by-green-cotton-68\/"},"modified":"2023-03-17T19:05:38","modified_gmt":"2023-03-17T18:05:38","slug":"spodnie-haremki-musli-by-green-cotton-68","status":"publish","type":"product","link":"https:\/\/scandiwool.com\/pl\/shop\/spodnie-haremki-musli-by-green-cotton-68\/","title":{"rendered":"Spodnie haremki M\u00dcSLI by GREEN COTTON | 68"},"content":{"rendered":"","protected":false},"excerpt":{"rendered":"<p>Cozy me chic pants baby<br \/>\nKolor: Fudge<\/p>\n<p>STAN: nowe<\/p>\n<p>Najwy\u017cszej jako\u015bci organiczna bawe\u0142na z certyfikatem GOTS<\/p>\n","protected":false},"featured_media":38902,"template":"","meta":{"_et_pb_use_builder":"","_et_pb_old_content":"","_et_gb_content_width":""},"product_cat":[1965],"product_tag":[],"_links":{"self":[{"href":"https:\/\/scandiwool.com\/pl\/wp-json\/wp\/v2\/product\/39076"}],"collection":[{"href":"https:\/\/scandiwool.com\/pl\/wp-json\/wp\/v2\/product"}],"about":[{"href":"https:\/\/scandiwool.com\/pl\/wp-json\/wp\/v2\/types\/product"}],"wp:featuredmedia":[{"embeddable":true,"href":"https:\/\/scandiwool.com\/pl\/wp-json\/wp\/v2\/media\/38902"}],"wp:attachment":[{"href":"https:\/\/scandiwool.com\/pl\/wp-json\/wp\/v2\/media?parent=39076"}],"wp:term":[{"taxonomy":"product_cat","embeddable":true,"href":"https:\/\/scandiwool.com\/pl\/wp-json\/wp\/v2\/product_cat?post=39076"},{"taxonomy":"product_tag","embeddable":true,"href":"https:\/\/scandiwool.com\/pl\/wp-json\/wp\/v2\/product_tag?post=39076"}],"curies":[{"name":"wp","href":"https:\/\/api.w.org\/{rel}","templated":true}]}}