{"id":41012,"date":"2023-01-12T11:45:39","date_gmt":"2023-01-12T10:45:39","guid":{"rendered":"https:\/\/scandiwool.com\/shop\/pierwsza-czapeczka-musli-by-green-cotton-preemie\/"},"modified":"2023-01-12T11:45:48","modified_gmt":"2023-01-12T10:45:48","slug":"pierwsza-czapeczka-musli-by-green-cotton-preemie","status":"publish","type":"product","link":"https:\/\/scandiwool.com\/pl\/shop\/pierwsza-czapeczka-musli-by-green-cotton-preemie\/","title":{"rendered":"Pierwsza czapeczka M\u016bsli by GREEN COTTON | preemie"},"content":{"rendered":"","protected":false},"excerpt":{"rendered":"<p>Mini me hat size 44<br \/>\nKolor: Rose<\/p>\n<p>STAN: nowe<\/p>\n<p>Najwy\u017cszej jako\u015bci organiczna bawe\u0142na z certyfikatem GOTS<\/p>\n","protected":false},"featured_media":40817,"template":"","meta":{"_et_pb_use_builder":"","_et_pb_old_content":"","_et_gb_content_width":""},"product_cat":[1965],"product_tag":[],"_links":{"self":[{"href":"https:\/\/scandiwool.com\/pl\/wp-json\/wp\/v2\/product\/41012"}],"collection":[{"href":"https:\/\/scandiwool.com\/pl\/wp-json\/wp\/v2\/product"}],"about":[{"href":"https:\/\/scandiwool.com\/pl\/wp-json\/wp\/v2\/types\/product"}],"wp:featuredmedia":[{"embeddable":true,"href":"https:\/\/scandiwool.com\/pl\/wp-json\/wp\/v2\/media\/40817"}],"wp:attachment":[{"href":"https:\/\/scandiwool.com\/pl\/wp-json\/wp\/v2\/media?parent=41012"}],"wp:term":[{"taxonomy":"product_cat","embeddable":true,"href":"https:\/\/scandiwool.com\/pl\/wp-json\/wp\/v2\/product_cat?post=41012"},{"taxonomy":"product_tag","embeddable":true,"href":"https:\/\/scandiwool.com\/pl\/wp-json\/wp\/v2\/product_tag?post=41012"}],"curies":[{"name":"wp","href":"https:\/\/api.w.org\/{rel}","templated":true}]}}